{"id":1068,"date":"2023-11-22T00:07:18","date_gmt":"2023-11-21T23:07:18","guid":{"rendered":"https:\/\/mermach.pe\/?post_type=product&#038;p=1068"},"modified":"2024-10-04T20:01:03","modified_gmt":"2024-10-05T01:01:03","slug":"toner-hp-305a-ce412a-yellow-laserjet-pro-m351-m451-m375-m475","status":"publish","type":"product","link":"https:\/\/mermach.pe\/index.php\/producto\/toner-hp-305a-ce412a-yellow-laserjet-pro-m351-m451-m375-m475\/","title":{"rendered":"TONER HP 305A CE412A YELLOW LASERJET PRO M351\/M451\/M375\/M475"},"content":{"rendered":"<p><em><strong>T\u00f3ner HP 305A CE412A Yellow rendimiento aprox 2,600 paginas<\/strong><\/em><\/p>\n<p><em>Los cartuchos de\u00a0<strong>t\u00f3ner HP 305A Yellow<\/strong>\u00a0de c\u00f3digo\u00a0<strong>CE412A <\/strong>cuentan con altos est\u00e1ndares de calidad de impresi\u00f3n y al mejor precio del mercado, recuerda que un cartucho que se encuentra en venta de t\u00f3ner HP original cuentan con un chip original fabricada especialmente para contabilizar la cantidad de impresi\u00f3n de alta calidad que usted realice en su impresora.<\/em><\/p>\n<p><em>El uso de\u00a0<strong>Consumibles Originales<\/strong>\u00a0Garantiza la mejor calidad de Impresi\u00f3n y Prolonga la vida \u00fatil de tu impresora.<\/em><\/p>\n<p><em>Realizamos env\u00edos a:<\/em><\/p>\n<ul>\n<li><em>Lima<\/em><\/li>\n<li><em>Provincias<\/em><\/li>\n<\/ul>\n<p><em style=\"font-size: 16px;\"><strong>Pregunta por nuestras ofertas y descuentos especiales, nuestros asesores de venta est\u00e1n listos para atenderte.<\/strong><\/em><\/p>\n","protected":false},"excerpt":{"rendered":"<p><strong><em>&gt;TONER HP 305A CE412A YELLOW<\/em><\/strong><\/p>\n<ul>\n<li>\n<div class=\"prod_item_info_cara_labe\"><strong><em>MARCA: HP<\/em><\/strong><\/div>\n<\/li>\n<li>\n<div class=\"prod_item_info_cara_labe\"><strong><em>SKU: CE412A<\/em><\/strong><\/div>\n<\/li>\n<li>\n<div class=\"prod_item_info_cara_labe\"><strong><em>COLOR: YELLOW<\/em><\/strong><\/div>\n<\/li>\n<li>\n<div class=\"prod_item_info_cara_labe\"><strong><em>RENDIMIENTO: 2600 p\u00e1ginas<\/em><\/strong><\/div>\n<\/li>\n<li>\n<div class=\"prod_item_info_cara_labe\"><strong><strong><strong><strong><em>USAR EN IMPRESORA: LASERJET PRO M351\/M451\/M375\/M475<\/em><\/strong><\/strong><\/strong><\/strong><\/div>\n<\/li>\n<\/ul>\n","protected":false},"featured_media":1069,"comment_status":"open","ping_status":"closed","template":"","meta":{"site-sidebar-layout":"default","site-content-layout":"","ast-site-content-layout":"default","site-content-style":"default","site-sidebar-style":"default","ast-global-header-display":"","ast-banner-title-visibility":"","ast-main-header-display":"","ast-hfb-above-header-display":"","ast-hfb-below-header-display":"","ast-hfb-mobile-header-display":"","site-post-title":"","ast-breadcrumbs-content":"","ast-featured-img":"","footer-sml-layout":"","ast-disable-related-posts":"","theme-transparent-header-meta":"default","adv-header-id-meta":"","stick-header-meta":"","header-above-stick-meta":"","header-main-stick-meta":"","header-below-stick-meta":"","astra-migrate-meta-layouts":"set","ast-page-background-enabled":"default","ast-page-background-meta":{"desktop":{"background-color":"var(--ast-global-color-4)","background-image":"","background-repeat":"repeat","background-position":"center center","background-size":"auto","background-attachment":"scroll","background-type":"","background-media":"","overlay-type":"","overlay-color":"","overlay-opacity":"","overlay-gradient":""},"tablet":{"background-color":"","background-image":"","background-repeat":"repeat","background-position":"center center","background-size":"auto","background-attachment":"scroll","background-type":"","background-media":"","overlay-type":"","overlay-color":"","overlay-opacity":"","overlay-gradient":""},"mobile":{"background-color":"","background-image":"","background-repeat":"repeat","background-position":"center center","background-size":"auto","background-attachment":"scroll","background-type":"","background-media":"","overlay-type":"","overlay-color":"","overlay-opacity":"","overlay-gradient":""}},"ast-content-background-meta":{"desktop":{"background-color":"var(--ast-global-color-5)","background-image":"","background-repeat":"repeat","background-position":"center center","background-size":"auto","background-attachment":"scroll","background-type":"","background-media":"","overlay-type":"","overlay-color":"","overlay-opacity":"","overlay-gradient":""},"tablet":{"background-color":"var(--ast-global-color-5)","background-image":"","background-repeat":"repeat","background-position":"center center","background-size":"auto","background-attachment":"scroll","background-type":"","background-media":"","overlay-type":"","overlay-color":"","overlay-opacity":"","overlay-gradient":""},"mobile":{"background-color":"var(--ast-global-color-5)","background-image":"","background-repeat":"repeat","background-position":"center center","background-size":"auto","background-attachment":"scroll","background-type":"","background-media":"","overlay-type":"","overlay-color":"","overlay-opacity":"","overlay-gradient":""}},"_joinchat":[]},"product_brand":[],"product_cat":[77,20,26],"product_tag":[115,114,116,99,102,104,103,105,98,117,78],"class_list":{"0":"post-1068","1":"product","2":"type-product","3":"status-publish","4":"has-post-thumbnail","6":"product_cat-hp","7":"product_cat-suministro","8":"product_cat-toner","9":"product_tag-305a-amarillo","10":"product_tag-305a-yellow","11":"product_tag-ce412a","12":"product_tag-hp-305a","13":"product_tag-laserjet-pro-m351","14":"product_tag-m375","15":"product_tag-m451","16":"product_tag-m475","17":"product_tag-toner-305a","18":"product_tag-toner-ce412a","19":"product_tag-toner-hp","20":"desktop-align-left","21":"tablet-align-left","22":"mobile-align-left","24":"first","25":"instock","26":"sale","27":"featured","28":"taxable","29":"shipping-taxable","30":"purchasable","31":"product-type-simple"},"jetpack_sharing_enabled":true,"_links":{"self":[{"href":"https:\/\/mermach.pe\/index.php\/wp-json\/wp\/v2\/product\/1068","targetHints":{"allow":["GET"]}}],"collection":[{"href":"https:\/\/mermach.pe\/index.php\/wp-json\/wp\/v2\/product"}],"about":[{"href":"https:\/\/mermach.pe\/index.php\/wp-json\/wp\/v2\/types\/product"}],"replies":[{"embeddable":true,"href":"https:\/\/mermach.pe\/index.php\/wp-json\/wp\/v2\/comments?post=1068"}],"wp:featuredmedia":[{"embeddable":true,"href":"https:\/\/mermach.pe\/index.php\/wp-json\/wp\/v2\/media\/1069"}],"wp:attachment":[{"href":"https:\/\/mermach.pe\/index.php\/wp-json\/wp\/v2\/media?parent=1068"}],"wp:term":[{"taxonomy":"product_brand","embeddable":true,"href":"https:\/\/mermach.pe\/index.php\/wp-json\/wp\/v2\/product_brand?post=1068"},{"taxonomy":"product_cat","embeddable":true,"href":"https:\/\/mermach.pe\/index.php\/wp-json\/wp\/v2\/product_cat?post=1068"},{"taxonomy":"product_tag","embeddable":true,"href":"https:\/\/mermach.pe\/index.php\/wp-json\/wp\/v2\/product_tag?post=1068"}],"curies":[{"name":"wp","href":"https:\/\/api.w.org\/{rel}","templated":true}]}}