{"id":1496,"date":"2023-11-29T16:08:04","date_gmt":"2023-11-29T15:08:04","guid":{"rendered":"https:\/\/mermach.pe\/?post_type=product&#038;p=1496"},"modified":"2025-09-01T00:49:35","modified_gmt":"2025-09-01T05:49:35","slug":"tinta-hp-764-c1q16a-matte-black-300ml-designjet-t3500","status":"publish","type":"product","link":"https:\/\/mermach.pe\/index.php\/producto\/tinta-hp-764-c1q16a-matte-black-300ml-designjet-t3500\/","title":{"rendered":"TINTA HP 764 C1Q16A MATTE BLACK 300ML DESIGNJET T3500"},"content":{"rendered":"<p><em><strong>Tinta HP C1Q16A \u2013 764 de color Matte Black, de Alto Rendimiento Original de 300 mililitros.<\/strong><\/em><\/p>\n<figure class=\"wp-block-image size-large\"><em><img decoding=\"async\" class=\"wp-image-18035\" src=\"https:\/\/sumblexperu.com\/wp-content\/uploads\/2020\/10\/F9J68A-TINTA-HP-728-MATE-BLACK-1024x585.jpg\" alt=\"\" \/><\/em><\/figure>\n<figure class=\"wp-block-table\">\n<table style=\"height: 105px;\" width=\"931\">\n<tbody>\n<tr>\n<th><em><strong>Usar con las siguiente impresora<\/strong><\/em><\/th>\n<\/tr>\n<tr>\n<td><em><strong>HP DesignJet \u00a0T3500<\/strong><\/em><\/td>\n<\/tr>\n<tr>\n<td><\/td>\n<\/tr>\n<\/tbody>\n<\/table>\n<\/figure>\n<p><em><strong>ESPECIFICACIONES<\/strong><\/em><\/p>\n<ul>\n<li><em>Fabricante Hewlett-Packard Company<\/em><\/li>\n<li><em>Marca HP<\/em><\/li>\n<li><em>Modelo 764<\/em><\/li>\n<li><em>SKU C1Q16A<\/em><\/li>\n<li><em>Color Matte Black<\/em><\/li>\n<li><em>Material Cartucho de Tinta<\/em><\/li>\n<\/ul>\n<p><em><strong>IMPRESION Y CONTENIDO<\/strong><\/em><\/p>\n<ul>\n<li><em>Tecnolog\u00eda de impresi\u00f3n Tinta a base de pigmentos<\/em><\/li>\n<li><em>Rendimiento de impresi\u00f3n <strong>300 <\/strong>mililitros<\/em><\/li>\n<li><em>Cantidad por paquete 1 pieza<\/em><\/li>\n<\/ul>\n<figure class=\"wp-block-table\">\n<table>\n<tbody>\n<tr>\n<td><em><strong>RESUMEN DE TINTA HP C1Q15A ORIGINAL<\/strong><\/em><\/td>\n<\/tr>\n<\/tbody>\n<\/table>\n<\/figure>\n<figure class=\"wp-block-table\">\n<table>\n<tbody>\n<tr>\n<td><em>El Cartucho\u00a0de\u00a0<strong>Tinta HP C1Q16A <\/strong>est\u00e1 dise\u00f1ada para\u00a0altos est\u00e1ndares de calidad en impresiones a color, uno de los detalles importantes de este modelo\u00a0<strong>764 <\/strong>es su\u00a0precio en el\u00a0mercado, ya que es econ\u00f3mica para la cantidad de impresiones que ofrece, esta tinta cuenta con un c\u00f3digo \u00fanico de la familia de HP la cual es\u00a0<strong> C1Q16A <\/strong>y cuentan con insumos fabricados con alta tecnolog\u00eda y gota de tinta la cual no contamina, esta tinta <strong>C1Q16A<\/strong><strong>\u00a0original <\/strong>fue\u00a0fabricada especialmente para\u00a0impresiones de alta calidad que usted realice en su impresora.<\/em><\/td>\n<\/tr>\n<\/tbody>\n<\/table>\n<\/figure>\n<figure class=\"wp-block-table\">\n<table>\n<tbody>\n<tr>\n<td><em><strong>RENDIMIENTO DE TINTA HP 764 COLOR MATTE BLACK<\/strong><\/em><\/td>\n<\/tr>\n<\/tbody>\n<\/table>\n<\/figure>\n<figure class=\"wp-block-table\">\n<table>\n<tbody>\n<tr>\n<td><em>La tinta del modelo <strong>C1Q16A<\/strong><strong>\u00a0<\/strong>de la marca\u00a0<strong>HP\u00a0<\/strong>cuenta con un rendimiento de<strong> 300 mililitros <\/strong>aproximadamente, esto\u00a0<strong>variar\u00e1<\/strong>\u00a0<strong>seg\u00fan\u00a0<\/strong>el\u00a0<strong>tipo impresi\u00f3n\u00a0<\/strong>que usted realice, pueden ser fotos que contenga solo\u00a0<strong>texto\u00a0<\/strong>lo cual\u00a0<strong>consumir\u00e1 menos tinta\u00a0<\/strong>del\u00a0<strong>Color Matte Black <\/strong>as\u00ed su rendimiento de este color<strong>\u00a0<\/strong>se alargara\u00a0m\u00e1s o puede ser que realice\u00a0<strong>impresiones\u00a0<\/strong>que\u00a0<strong>contenga demasiado\u00a0<\/strong>el Color <strong>Matte Black<\/strong><strong>\u00a0<\/strong>y as\u00ed su\u00a0<strong>rendimiento ser\u00e1 menor\u00a0<\/strong>a lo indicado,\u00a0<strong>ejemplo im\u00e1genes<\/strong>,\u00a0<strong>fondos<\/strong>,\u00a0<strong>textos\u00a0<\/strong>entre otros que\u00a0<strong>contengan m\u00e1s\u00a0<\/strong>el color\u200b<strong> Matte Black <\/strong>lo cual por l\u00f3gica\u00a0<strong>se consumir\u00e1\u00a0<\/strong>m\u00e1s.<\/em><\/td>\n<\/tr>\n<\/tbody>\n<\/table>\n<\/figure>\n<figure class=\"wp-block-table\">\n<table>\n<tbody>\n<tr>\n<td><em><strong>USAR CON IMPRESORAS<\/strong><\/em><\/td>\n<\/tr>\n<\/tbody>\n<\/table>\n<\/figure>\n<figure class=\"wp-block-table\">\n<table>\n<tbody>\n<tr>\n<td><em>El Cartucho de\u00a0<strong>Tinta HP C1Q16A <\/strong>est\u00e1 dise\u00f1ada para los siguientes modelos de impresoras como la\u00a0<strong>Impresora HP DesignJet T3500<\/strong><strong>\u00a0<\/strong>las cuales te ofrece calidades sorprendentes de impresi\u00f3n y con velocidades de impresi\u00f3n r\u00e1pidas y eficaces,<\/em><\/td>\n<\/tr>\n<\/tbody>\n<\/table>\n<\/figure>\n<figure class=\"wp-block-table\">\n<table>\n<tbody>\n<tr>\n<td><em><strong>\u00bfPOR QU\u00c9 COMPRAR TINTA HP C1Q16A ORIGINAL?<\/strong><\/em><\/td>\n<\/tr>\n<\/tbody>\n<\/table>\n<\/figure>\n<figure class=\"wp-block-table\">\n<table>\n<tbody>\n<tr>\n<td><em><strong>Tu\u00a0<\/strong>mejor\u00a0<strong>elecci\u00f3n\u00a0<\/strong>para\u00a0<strong>impresiones\u00a0<\/strong>de\u00a0<strong>alta calidad<\/strong>\u00a0es la\u00a0<strong>Tinta C1Q16A <\/strong>por que te\u00a0<strong>brindara impresiones resplandecientes<\/strong>, ya que\u00a0este\u00a0<strong>producto es original\u00a0<\/strong>y sobre todo,\u00a0<strong>cuidara\u00a0<\/strong>tu\u00a0<strong>impresora\u00a0<\/strong>con un buen insumo que te ofrece\u00a0<strong>HP<\/strong>, no hay nada\u00a0<strong>mejor\u00a0<\/strong>qu\u00e9\u00a0<strong>impresiones\u00a0<\/strong>de alta\u00a0<strong>calidad\u00a0<\/strong>y al\u00a0<strong>mejor precio<\/strong>, por eso la tinta\u00a0<strong> C1Q16A <\/strong>es tu mejor alternativa cuando se trata de calidad precio e impresi\u00f3n, est\u00e1s tintas de modelo\u00a0<strong> 764 <\/strong>est\u00e1n hechas\u00a0para ti y t\u00fa impresora.<\/em><\/td>\n<\/tr>\n<\/tbody>\n<\/table>\n<\/figure>\n","protected":false},"excerpt":{"rendered":"<ul>\n<li aria-level=\"1\"><em><strong>Im\u00e1genes referenciales<\/strong><\/em><\/li>\n<li aria-level=\"1\"><em><strong>Precios Y Stock Est\u00e1n Sujetos A Variaci\u00f3n Sin Previo Aviso.<\/strong><\/em><\/li>\n<li aria-level=\"1\"><em><strong>Productos son 100% originales certificada por la marca<\/strong><\/em><\/li>\n<li aria-level=\"1\"><em><strong>Tecnolog\u00eda en cada impresi\u00f3n<\/strong><\/em><\/li>\n<li aria-level=\"1\"><em><strong>Env\u00edos a nivel nacional<\/strong><\/em><\/li>\n<li aria-level=\"1\"><em><strong>\u00bfDudas? comun\u00edquese con nosotros<\/strong><\/em><\/li>\n<li aria-level=\"1\"><em><strong>Precios especiales por mayor<\/strong><\/em><\/li>\n<\/ul>\n","protected":false},"featured_media":1459,"comment_status":"open","ping_status":"closed","template":"","meta":{"site-sidebar-layout":"default","site-content-layout":"","ast-site-content-layout":"default","site-content-style":"default","site-sidebar-style":"default","ast-global-header-display":"","ast-banner-title-visibility":"","ast-main-header-display":"","ast-hfb-above-header-display":"","ast-hfb-below-header-display":"","ast-hfb-mobile-header-display":"","site-post-title":"","ast-breadcrumbs-content":"","ast-featured-img":"","footer-sml-layout":"","ast-disable-related-posts":"","theme-transparent-header-meta":"default","adv-header-id-meta":"","stick-header-meta":"","header-above-stick-meta":"","header-main-stick-meta":"","header-below-stick-meta":"","astra-migrate-meta-layouts":"set","ast-page-background-enabled":"default","ast-page-background-meta":{"desktop":{"background-color":"var(--ast-global-color-4)","background-image":"","background-repeat":"repeat","background-position":"center center","background-size":"auto","background-attachment":"scroll","background-type":"","background-media":"","overlay-type":"","overlay-color":"","overlay-opacity":"","overlay-gradient":""},"tablet":{"background-color":"","background-image":"","background-repeat":"repeat","background-position":"center center","background-size":"auto","background-attachment":"scroll","background-type":"","background-media":"","overlay-type":"","overlay-color":"","overlay-opacity":"","overlay-gradient":""},"mobile":{"background-color":"","background-image":"","background-repeat":"repeat","background-position":"center center","background-size":"auto","background-attachment":"scroll","background-type":"","background-media":"","overlay-type":"","overlay-color":"","overlay-opacity":"","overlay-gradient":""}},"ast-content-background-meta":{"desktop":{"background-color":"var(--ast-global-color-5)","background-image":"","background-repeat":"repeat","background-position":"center center","background-size":"auto","background-attachment":"scroll","background-type":"","background-media":"","overlay-type":"","overlay-color":"","overlay-opacity":"","overlay-gradient":""},"tablet":{"background-color":"var(--ast-global-color-5)","background-image":"","background-repeat":"repeat","background-position":"center center","background-size":"auto","background-attachment":"scroll","background-type":"","background-media":"","overlay-type":"","overlay-color":"","overlay-opacity":"","overlay-gradient":""},"mobile":{"background-color":"var(--ast-global-color-5)","background-image":"","background-repeat":"repeat","background-position":"center center","background-size":"auto","background-attachment":"scroll","background-type":"","background-media":"","overlay-type":"","overlay-color":"","overlay-opacity":"","overlay-gradient":""}},"_joinchat":[]},"product_brand":[],"product_cat":[121,20,27],"product_tag":[218,215,217,209,206,122,216],"class_list":{"0":"post-1496","1":"product","2":"type-product","3":"status-publish","4":"has-post-thumbnail","6":"product_cat-hp-tintas","7":"product_cat-suministro","8":"product_cat-tintas","9":"product_tag-764-matte-black","10":"product_tag-764-mk","11":"product_tag-c1q16a","12":"product_tag-designjet-t3500","13":"product_tag-hp-764","14":"product_tag-tinta-hp","15":"product_tag-tinta-hp-764-negro","16":"desktop-align-left","17":"tablet-align-left","18":"mobile-align-left","20":"first","21":"instock","22":"featured","23":"taxable","24":"shipping-taxable","25":"purchasable","26":"product-type-simple"},"jetpack_sharing_enabled":true,"_links":{"self":[{"href":"https:\/\/mermach.pe\/index.php\/wp-json\/wp\/v2\/product\/1496","targetHints":{"allow":["GET"]}}],"collection":[{"href":"https:\/\/mermach.pe\/index.php\/wp-json\/wp\/v2\/product"}],"about":[{"href":"https:\/\/mermach.pe\/index.php\/wp-json\/wp\/v2\/types\/product"}],"replies":[{"embeddable":true,"href":"https:\/\/mermach.pe\/index.php\/wp-json\/wp\/v2\/comments?post=1496"}],"wp:featuredmedia":[{"embeddable":true,"href":"https:\/\/mermach.pe\/index.php\/wp-json\/wp\/v2\/media\/1459"}],"wp:attachment":[{"href":"https:\/\/mermach.pe\/index.php\/wp-json\/wp\/v2\/media?parent=1496"}],"wp:term":[{"taxonomy":"product_brand","embeddable":true,"href":"https:\/\/mermach.pe\/index.php\/wp-json\/wp\/v2\/product_brand?post=1496"},{"taxonomy":"product_cat","embeddable":true,"href":"https:\/\/mermach.pe\/index.php\/wp-json\/wp\/v2\/product_cat?post=1496"},{"taxonomy":"product_tag","embeddable":true,"href":"https:\/\/mermach.pe\/index.php\/wp-json\/wp\/v2\/product_tag?post=1496"}],"curies":[{"name":"wp","href":"https:\/\/api.w.org\/{rel}","templated":true}]}}