{"id":1900,"date":"2024-02-17T06:42:47","date_gmt":"2024-02-17T05:42:47","guid":{"rendered":"https:\/\/mermach.pe\/?post_type=product&#038;p=1900"},"modified":"2025-08-09T11:18:20","modified_gmt":"2025-08-09T16:18:20","slug":"cabezal-de-impresion-hp-11-c4810a-negro-500-800-2200","status":"publish","type":"product","link":"https:\/\/mermach.pe\/index.php\/producto\/cabezal-de-impresion-hp-11-c4810a-negro-500-800-2200\/","title":{"rendered":"CABEZAL DE IMPRESI\u00d3N HP 11 C4810A NEGRO 500\/800\/2200"},"content":{"rendered":"<p><em><strong>CABEZAL HP\u00a0 NEGRO ORIGINAL HP <\/strong>CON REF.\u00a0<strong>C4810A<\/strong><\/em><\/p>\n<p><em>IMPRIMA DOCUMENTOS CON TEXTO DEFINIDO Y COLORES V\u00cdVIDOS GRACIAS A LOS CARTUCHOS DE\u00a0<strong>TINTA ORIGINAL HP<\/strong>\u00a0QUE EST\u00c1N DISE\u00d1ADOS PARA BRINDAR IMPRESIONES DE CALIDAD PARA SU HOGAR, ESCUELA O EMPRESA PEQUE\u00d1A. GRACIAS A LOS CARTUCHOS A MUY BAJO PRECIO, OBTIENE TINTA ORIGINAL\u00a0<strong>HP<\/strong>\u00a0A UN PRECIO ASEQUIBLE.<\/em><\/p>\n<p><em>ESTE CABEZAL DE IMPRESION DE INYECCI\u00d3N DE TINTA ES V\u00c1LIDO PARA EL PLOTTER \u00a0HP 20PS\/ 50PS\/ 100\/ 500PS\/ 800\/ 800P\/ 111\/ 815\/ 500\/ 120 SERIES 815MFP\/ HP 120\/ 120NR\/ HP 10P\/ HP 100PLUS\/ HP 110\/ HP CC800PS\/ 1200\/ 2200\/ 2230\/ 2250\/ 2250TN\/ 2800\/ 2600\/ 2600DN\/ 9100\/ HP OFFICEJET PRO SERIE K850\/ 70\/ HP CP1700<\/em><\/p>\n<p><em>EL USO DE CONSUMIBLES ORIGINALES HP GARANTIZA LA MEJOR CALIDAD DE IMPRESI\u00d3N Y PROLONGA LA VIDA \u00daTIL DE TU IMPRESORA.<\/em><\/p>\n","protected":false},"excerpt":{"rendered":"<ul>\n<li aria-level=\"1\"><em><strong>Im\u00e1genes referenciales<\/strong><\/em><\/li>\n<li aria-level=\"1\"><em><strong>Precios incluyen I.G.V.<\/strong><\/em><\/li>\n<li aria-level=\"1\"><em><strong>Precios Y Stock Est\u00e1n Sujetos A Variaci\u00f3n Sin Previo Aviso.<\/strong><\/em><\/li>\n<li aria-level=\"1\"><em><strong>Productos son 100% originales certificada por la marca<\/strong><\/em><\/li>\n<li aria-level=\"1\"><em><strong>Tecnolog\u00eda en cada impresi\u00f3n<\/strong><\/em><\/li>\n<li aria-level=\"1\"><em><strong>Env\u00edos a nivel nacional<\/strong><\/em><\/li>\n<li aria-level=\"1\"><em><strong>\u00bfDudas? comun\u00edquese con nosotros<\/strong><\/em><\/li>\n<li aria-level=\"1\"><em><strong>Precios especiales por mayor<\/strong><\/em><\/li>\n<\/ul>\n","protected":false},"featured_media":1949,"comment_status":"open","ping_status":"closed","template":"","meta":{"site-sidebar-layout":"default","site-content-layout":"","ast-site-content-layout":"default","site-content-style":"default","site-sidebar-style":"default","ast-global-header-display":"","ast-banner-title-visibility":"","ast-main-header-display":"","ast-hfb-above-header-display":"","ast-hfb-below-header-display":"","ast-hfb-mobile-header-display":"","site-post-title":"","ast-breadcrumbs-content":"","ast-featured-img":"","footer-sml-layout":"","ast-disable-related-posts":"","theme-transparent-header-meta":"default","adv-header-id-meta":"","stick-header-meta":"","header-above-stick-meta":"","header-main-stick-meta":"","header-below-stick-meta":"","astra-migrate-meta-layouts":"set","ast-page-background-enabled":"default","ast-page-background-meta":{"desktop":{"background-color":"var(--ast-global-color-4)","background-image":"","background-repeat":"repeat","background-position":"center center","background-size":"auto","background-attachment":"scroll","background-type":"","background-media":"","overlay-type":"","overlay-color":"","overlay-opacity":"","overlay-gradient":""},"tablet":{"background-color":"","background-image":"","background-repeat":"repeat","background-position":"center center","background-size":"auto","background-attachment":"scroll","background-type":"","background-media":"","overlay-type":"","overlay-color":"","overlay-opacity":"","overlay-gradient":""},"mobile":{"background-color":"","background-image":"","background-repeat":"repeat","background-position":"center center","background-size":"auto","background-attachment":"scroll","background-type":"","background-media":"","overlay-type":"","overlay-color":"","overlay-opacity":"","overlay-gradient":""}},"ast-content-background-meta":{"desktop":{"background-color":"var(--ast-global-color-5)","background-image":"","background-repeat":"repeat","background-position":"center center","background-size":"auto","background-attachment":"scroll","background-type":"","background-media":"","overlay-type":"","overlay-color":"","overlay-opacity":"","overlay-gradient":""},"tablet":{"background-color":"var(--ast-global-color-5)","background-image":"","background-repeat":"repeat","background-position":"center center","background-size":"auto","background-attachment":"scroll","background-type":"","background-media":"","overlay-type":"","overlay-color":"","overlay-opacity":"","overlay-gradient":""},"mobile":{"background-color":"var(--ast-global-color-5)","background-image":"","background-repeat":"repeat","background-position":"center center","background-size":"auto","background-attachment":"scroll","background-type":"","background-media":"","overlay-type":"","overlay-color":"","overlay-opacity":"","overlay-gradient":""}},"_joinchat":[]},"product_brand":[],"product_cat":[75,322,20],"product_tag":[375,344,349,360,359,374,361,353,356,363,358,347,364,365,366,367,369,368,355,350,348,372,351,352,354,370,362,373,371,357],"class_list":{"0":"post-1900","1":"product","2":"type-product","3":"status-publish","4":"has-post-thumbnail","6":"product_cat-cabezal-de-impresion","7":"product_cat-hp-cabezal-de-impresion","8":"product_cat-suministro","9":"product_tag-c4810a","10":"product_tag-cabezal-hp-11","11":"product_tag-hp-100","12":"product_tag-hp-100plus","13":"product_tag-hp-10p","14":"product_tag-hp-11-black","15":"product_tag-hp-110","16":"product_tag-hp-111","17":"product_tag-hp-120","18":"product_tag-hp-1200","19":"product_tag-hp-120nr","20":"product_tag-hp-20ps","21":"product_tag-hp-2200","22":"product_tag-hp-2230","23":"product_tag-hp-2250","24":"product_tag-hp-2250tn","25":"product_tag-hp-2600dn","26":"product_tag-hp-2800-hp-2600","27":"product_tag-hp-500","28":"product_tag-hp-500ps","29":"product_tag-hp-50ps","30":"product_tag-hp-70","31":"product_tag-hp-800","32":"product_tag-hp-800p","33":"product_tag-hp-815","34":"product_tag-hp-9100","35":"product_tag-hp-cc800ps","36":"product_tag-hp-cp1700","37":"product_tag-hp-officejet-pro-serie-k850","38":"product_tag-series-815mfp","39":"desktop-align-left","40":"tablet-align-left","41":"mobile-align-left","43":"first","44":"instock","45":"featured","46":"taxable","47":"shipping-taxable","48":"purchasable","49":"product-type-simple"},"jetpack_sharing_enabled":true,"_links":{"self":[{"href":"https:\/\/mermach.pe\/index.php\/wp-json\/wp\/v2\/product\/1900","targetHints":{"allow":["GET"]}}],"collection":[{"href":"https:\/\/mermach.pe\/index.php\/wp-json\/wp\/v2\/product"}],"about":[{"href":"https:\/\/mermach.pe\/index.php\/wp-json\/wp\/v2\/types\/product"}],"replies":[{"embeddable":true,"href":"https:\/\/mermach.pe\/index.php\/wp-json\/wp\/v2\/comments?post=1900"}],"wp:featuredmedia":[{"embeddable":true,"href":"https:\/\/mermach.pe\/index.php\/wp-json\/wp\/v2\/media\/1949"}],"wp:attachment":[{"href":"https:\/\/mermach.pe\/index.php\/wp-json\/wp\/v2\/media?parent=1900"}],"wp:term":[{"taxonomy":"product_brand","embeddable":true,"href":"https:\/\/mermach.pe\/index.php\/wp-json\/wp\/v2\/product_brand?post=1900"},{"taxonomy":"product_cat","embeddable":true,"href":"https:\/\/mermach.pe\/index.php\/wp-json\/wp\/v2\/product_cat?post=1900"},{"taxonomy":"product_tag","embeddable":true,"href":"https:\/\/mermach.pe\/index.php\/wp-json\/wp\/v2\/product_tag?post=1900"}],"curies":[{"name":"wp","href":"https:\/\/api.w.org\/{rel}","templated":true}]}}