{"id":2139,"date":"2024-02-27T23:19:34","date_gmt":"2024-02-28T04:19:34","guid":{"rendered":"https:\/\/mermach.pe\/?post_type=product&#038;p=2139"},"modified":"2024-02-28T13:05:04","modified_gmt":"2024-02-28T18:05:04","slug":"tinta-hp-954-l0s53al-magenta-700-pgs-officejet-pro-7740-8210-8710-8720-8730","status":"publish","type":"product","link":"https:\/\/mermach.pe\/index.php\/producto\/tinta-hp-954-l0s53al-magenta-700-pgs-officejet-pro-7740-8210-8710-8720-8730\/","title":{"rendered":"TINTA HP 954 L0S53AL MAGENTA 700 PGS OFFICEJET PRO 7740\/8210\/8710\/8720\/8730"},"content":{"rendered":"<p><em><strong>Tinta HP L0S53AL \u2013 954\u00a0 de color Magenta, Original.<\/strong><\/em><\/p>\n<figure class=\"wp-block-image size-large\"><em><img decoding=\"async\" class=\"wp-image-18035 lazy error\" src=\"https:\/\/sumblexperu.com\/wp-content\/uploads\/2020\/10\/F9J68A-TINTA-HP-728-MATE-BLACK-1024x585.jpg\" alt=\"\" data-src=\"https:\/\/sumblexperu.com\/wp-content\/uploads\/2020\/10\/F9J68A-TINTA-HP-728-MATE-BLACK-1024x585.jpg\" data-was-processed=\"true\" \/><\/em><\/figure>\n<figure class=\"wp-block-table\">\n<table>\n<tbody>\n<tr>\n<th><em><strong>Usar con las siguientes impresoras<\/strong><\/em><\/th>\n<\/tr>\n<tr>\n<td>Impresora HP OfficeJet Pro 7740, 8210, 8710, 8720, 8730<\/td>\n<\/tr>\n<tr>\n<td><\/td>\n<\/tr>\n<\/tbody>\n<\/table>\n<\/figure>\n<p><em><strong>ESPECIFICACIONES<\/strong><\/em><\/p>\n<ul>\n<li><em>Fabricante Hewlett-Packard Company<\/em><\/li>\n<li><em>Marca HP<\/em><\/li>\n<li><em>Modelo 954<\/em><\/li>\n<li><em>SKU L0S53AL<\/em><\/li>\n<li><em>Color Magenta<\/em><\/li>\n<li><em>Material Cartucho de Tinta<\/em><\/li>\n<\/ul>\n<p><em><strong>IMPRESION Y CONTENIDO<\/strong><\/em><\/p>\n<ul>\n<li><em>Tecnolog\u00eda de impresi\u00f3n Tinta a base de pigmentos<\/em><\/li>\n<li><em>Rendimiento de impresi\u00f3n 700 paginas aprox.<\/em><\/li>\n<li><em>Cantidad por paquete 1 pieza<\/em><\/li>\n<\/ul>\n<figure class=\"wp-block-table\">\n<table>\n<tbody>\n<tr>\n<td><em><strong>RESUMEN DE TINTA HP L0S53AL ORIGINAL<\/strong><\/em><\/td>\n<\/tr>\n<\/tbody>\n<\/table>\n<\/figure>\n<figure class=\"wp-block-table\">\n<table>\n<tbody>\n<tr>\n<td><em>El Cartucho\u00a0de\u00a0<strong>Tinta HP L0S53AL <\/strong>est\u00e1 dise\u00f1ada para\u00a0altos est\u00e1ndares de calidad en impresiones a color, uno de los detalles importantes de este modelo\u00a0<strong>954 <\/strong>es su\u00a0precio en el\u00a0mercado, ya que es econ\u00f3mica para la cantidad de impresiones que ofrece, esta tinta cuenta con un c\u00f3digo \u00fanico de la familia de HP la cual es\u00a0<strong> L0S53AL <\/strong>y cuentan con insumos fabricados con alta tecnolog\u00eda y gota de tinta la cual no contamina, esta tinta <strong>L0S53AL<\/strong><strong>\u00a0original <\/strong>fue\u00a0fabricada especialmente para\u00a0impresiones de alta calidad que usted realice en su impresora.<\/em><\/td>\n<\/tr>\n<\/tbody>\n<\/table>\n<\/figure>\n<figure class=\"wp-block-table\">\n<table>\n<tbody>\n<tr>\n<td><em><strong>RENDIMIENTO DE TINTA HP 954 COLOR MAGENTA<\/strong><\/em><\/td>\n<\/tr>\n<\/tbody>\n<\/table>\n<\/figure>\n<figure class=\"wp-block-table\">\n<table>\n<tbody>\n<tr>\n<td><em>La tinta del modelo <strong>L0S53AL<\/strong><strong>\u00a0<\/strong>de la marca\u00a0<strong>HP\u00a0<\/strong>cuenta con un rendimiento de<strong> 700 paginas <\/strong>aproximadamente, esto\u00a0<strong>variar\u00e1<\/strong>\u00a0<strong>seg\u00fan\u00a0<\/strong>el\u00a0<strong>tipo impresi\u00f3n\u00a0<\/strong>que usted realice, pueden ser fotos que contenga solo\u00a0<strong>texto\u00a0<\/strong>lo cual\u00a0<strong>consumir\u00e1 menos tinta\u00a0<\/strong>del\u00a0<strong>Color Magenta <\/strong>as\u00ed su rendimiento de este color<strong>\u00a0<\/strong>se alargara\u00a0m\u00e1s o puede ser que realice\u00a0<strong>impresiones\u00a0<\/strong>que\u00a0<strong>contenga demasiado\u00a0<\/strong>el Color <strong>Magenta<\/strong><strong>\u00a0<\/strong>y as\u00ed su\u00a0<strong>rendimiento ser\u00e1 menor\u00a0<\/strong>a lo indicado,\u00a0<strong>ejemplo im\u00e1genes<\/strong>,\u00a0<strong>fondos<\/strong>,\u00a0<strong>textos\u00a0<\/strong>entre otros que\u00a0<strong>contengan m\u00e1s\u00a0<\/strong>el color\u200b <strong>Magenta<\/strong><strong>\u00a0<\/strong>lo cual por l\u00f3gica\u00a0<strong>se consumir\u00e1\u00a0<\/strong>m\u00e1s.<\/em><\/td>\n<\/tr>\n<\/tbody>\n<\/table>\n<\/figure>\n<figure class=\"wp-block-table\">\n<table>\n<tbody>\n<tr>\n<td><em><strong>USAR CON IMPRESORAS<\/strong><\/em><\/td>\n<\/tr>\n<\/tbody>\n<\/table>\n<\/figure>\n<figure class=\"wp-block-table\">\n<table>\n<tbody>\n<tr>\n<td><em>El Cartucho de\u00a0<strong>Tinta HP L0S53AL <\/strong>est\u00e1 dise\u00f1ada para los siguientes modelos de impresoras como la Impresora <strong>HP OfficeJet Pro 7740, 8210, 8710, 8720, 8730\u00a0<\/strong>las cuales te ofrece calidades sorprendentes de impresi\u00f3n y con velocidades de impresi\u00f3n r\u00e1pidas y eficaces,<\/em><\/td>\n<\/tr>\n<\/tbody>\n<\/table>\n<\/figure>\n<figure class=\"wp-block-table\">\n<table>\n<tbody>\n<tr>\n<td><em><strong>\u00bfPOR QU\u00c9 COMPRAR TINTA HP L0S53AL ORIGINAL?<\/strong><\/em><\/td>\n<\/tr>\n<\/tbody>\n<\/table>\n<\/figure>\n<figure class=\"wp-block-table\">\n<table>\n<tbody>\n<tr>\n<td><em><strong>Tu\u00a0<\/strong>mejor\u00a0<strong>elecci\u00f3n\u00a0<\/strong>para\u00a0<strong>impresiones\u00a0<\/strong>de\u00a0<strong>alta calidad<\/strong>\u00a0es la\u00a0<strong>Tinta L0S53AL <\/strong>por que te\u00a0<strong>brindara impresiones resplandecientes<\/strong>, ya que\u00a0este\u00a0<strong>producto es original\u00a0<\/strong>y sobre todo, <strong>cuidara\u00a0<\/strong>tu\u00a0<strong>impresora\u00a0<\/strong>con un buen insumo que te ofrece\u00a0<strong>HP<\/strong>, no hay nada\u00a0<strong>mejor\u00a0<\/strong>qu\u00e9\u00a0<strong>impresiones\u00a0<\/strong>de alta\u00a0<strong>calidad\u00a0<\/strong>y al\u00a0<strong>mejor precio<\/strong>, por eso la tinta\u00a0<strong> L0S53AL <\/strong>es tu mejor alternativa cuando se trata de calidad precio e impresi\u00f3n, est\u00e1s tintas de modelo<strong>\u00a0954 <\/strong>est\u00e1n hechas\u00a0para ti y t\u00fa impresora.<\/em><\/td>\n<\/tr>\n<\/tbody>\n<\/table>\n<\/figure>\n","protected":false},"excerpt":{"rendered":"<ul>\n<li aria-level=\"1\"><em><strong>Im\u00e1genes referenciales<\/strong><\/em><\/li>\n<li aria-level=\"1\"><em><strong>Precios Y Stock Est\u00e1n Sujetos A Variaci\u00f3n Sin Previo Aviso.<\/strong><\/em><\/li>\n<li aria-level=\"1\"><em><strong>Productos son 100% originales certificada por la marca<\/strong><\/em><\/li>\n<li aria-level=\"1\"><em><strong>Tecnolog\u00eda en cada impresi\u00f3n<\/strong><\/em><\/li>\n<li aria-level=\"1\"><em><strong>Env\u00edos a nivel nacional<\/strong><\/em><\/li>\n<li aria-level=\"1\"><em><strong>\u00bfDudas? comun\u00edquese con nosotros<\/strong><\/em><\/li>\n<li aria-level=\"1\"><em><strong>Precios especiales por mayor<\/strong><\/em><\/li>\n<\/ul>\n","protected":false},"featured_media":2126,"comment_status":"open","ping_status":"closed","template":"","meta":{"site-sidebar-layout":"default","site-content-layout":"","ast-site-content-layout":"default","site-content-style":"default","site-sidebar-style":"default","ast-global-header-display":"","ast-banner-title-visibility":"","ast-main-header-display":"","ast-hfb-above-header-display":"","ast-hfb-below-header-display":"","ast-hfb-mobile-header-display":"","site-post-title":"","ast-breadcrumbs-content":"","ast-featured-img":"","footer-sml-layout":"","ast-disable-related-posts":"","theme-transparent-header-meta":"default","adv-header-id-meta":"","stick-header-meta":"","header-above-stick-meta":"","header-main-stick-meta":"","header-below-stick-meta":"","astra-migrate-meta-layouts":"set","ast-page-background-enabled":"default","ast-page-background-meta":{"desktop":{"background-color":"var(--ast-global-color-4)","background-image":"","background-repeat":"repeat","background-position":"center center","background-size":"auto","background-attachment":"scroll","background-type":"","background-media":"","overlay-type":"","overlay-color":"","overlay-opacity":"","overlay-gradient":""},"tablet":{"background-color":"","background-image":"","background-repeat":"repeat","background-position":"center center","background-size":"auto","background-attachment":"scroll","background-type":"","background-media":"","overlay-type":"","overlay-color":"","overlay-opacity":"","overlay-gradient":""},"mobile":{"background-color":"","background-image":"","background-repeat":"repeat","background-position":"center center","background-size":"auto","background-attachment":"scroll","background-type":"","background-media":"","overlay-type":"","overlay-color":"","overlay-opacity":"","overlay-gradient":""}},"ast-content-background-meta":{"desktop":{"background-color":"var(--ast-global-color-5)","background-image":"","background-repeat":"repeat","background-position":"center center","background-size":"auto","background-attachment":"scroll","background-type":"","background-media":"","overlay-type":"","overlay-color":"","overlay-opacity":"","overlay-gradient":""},"tablet":{"background-color":"var(--ast-global-color-5)","background-image":"","background-repeat":"repeat","background-position":"center center","background-size":"auto","background-attachment":"scroll","background-type":"","background-media":"","overlay-type":"","overlay-color":"","overlay-opacity":"","overlay-gradient":""},"mobile":{"background-color":"var(--ast-global-color-5)","background-image":"","background-repeat":"repeat","background-position":"center center","background-size":"auto","background-attachment":"scroll","background-type":"","background-media":"","overlay-type":"","overlay-color":"","overlay-opacity":"","overlay-gradient":""}},"_joinchat":[]},"product_brand":[],"product_cat":[121,20,27],"product_tag":[549,550,551,552,553,557,122,547,558],"class_list":{"0":"post-2139","1":"product","2":"type-product","3":"status-publish","4":"has-post-thumbnail","6":"product_cat-hp-tintas","7":"product_cat-suministro","8":"product_cat-tintas","9":"product_tag-hp-officejet-pro-7740","10":"product_tag-hp-officejet-pro-8210","11":"product_tag-hp-officejet-pro-8710","12":"product_tag-hp-officejet-pro-8720","13":"product_tag-hp-officejet-pro-8730","14":"product_tag-l0s53al","15":"product_tag-tinta-hp","16":"product_tag-tinta-hp-954","17":"product_tag-tinta-hp-954-magenta","18":"desktop-align-left","19":"tablet-align-left","20":"mobile-align-left","22":"first","23":"instock","24":"sale","25":"featured","26":"taxable","27":"shipping-taxable","28":"purchasable","29":"product-type-simple"},"jetpack_sharing_enabled":true,"_links":{"self":[{"href":"https:\/\/mermach.pe\/index.php\/wp-json\/wp\/v2\/product\/2139","targetHints":{"allow":["GET"]}}],"collection":[{"href":"https:\/\/mermach.pe\/index.php\/wp-json\/wp\/v2\/product"}],"about":[{"href":"https:\/\/mermach.pe\/index.php\/wp-json\/wp\/v2\/types\/product"}],"replies":[{"embeddable":true,"href":"https:\/\/mermach.pe\/index.php\/wp-json\/wp\/v2\/comments?post=2139"}],"wp:featuredmedia":[{"embeddable":true,"href":"https:\/\/mermach.pe\/index.php\/wp-json\/wp\/v2\/media\/2126"}],"wp:attachment":[{"href":"https:\/\/mermach.pe\/index.php\/wp-json\/wp\/v2\/media?parent=2139"}],"wp:term":[{"taxonomy":"product_brand","embeddable":true,"href":"https:\/\/mermach.pe\/index.php\/wp-json\/wp\/v2\/product_brand?post=2139"},{"taxonomy":"product_cat","embeddable":true,"href":"https:\/\/mermach.pe\/index.php\/wp-json\/wp\/v2\/product_cat?post=2139"},{"taxonomy":"product_tag","embeddable":true,"href":"https:\/\/mermach.pe\/index.php\/wp-json\/wp\/v2\/product_tag?post=2139"}],"curies":[{"name":"wp","href":"https:\/\/api.w.org\/{rel}","templated":true}]}}