{"id":2548,"date":"2024-03-30T03:56:54","date_gmt":"2024-03-30T08:56:54","guid":{"rendered":"https:\/\/mermach.pe\/?post_type=product&#038;p=2548"},"modified":"2024-03-30T04:20:07","modified_gmt":"2024-03-30T09:20:07","slug":"toner-hp-126a-ce313a-magenta-laserjet-pro-cp1025-m175nw-1k","status":"publish","type":"product","link":"https:\/\/mermach.pe\/index.php\/producto\/toner-hp-126a-ce313a-magenta-laserjet-pro-cp1025-m175nw-1k\/","title":{"rendered":"TONER HP 126A CE313A MAGENTA LASERJET PRO CP1025\/M175NW 1K"},"content":{"rendered":"<p><em><strong>T\u00f3ner HP 126A CE313A Magenta rendimiento aprox 1,000 paginas<\/strong><\/em><\/p>\n<p><em>Los cartuchos de\u00a0<strong>t\u00f3ner HP 126A Magenta<\/strong>\u00a0de c\u00f3digo\u00a0<strong>CE312A <\/strong>cuentan con altos est\u00e1ndares de calidad de impresi\u00f3n y al mejor precio del mercado, recuerda que un cartucho que se encuentra en venta de t\u00f3ner HP original cuentan con un chip original fabricada especialmente para contabilizar la cantidad de impresi\u00f3n de alta calidad que usted realice en su impresora.<\/em><\/p>\n<p><em>El uso de\u00a0<strong>Consumibles Originales<\/strong>\u00a0Garantiza la mejor calidad de Impresi\u00f3n y Prolonga la vida \u00fatil de tu impresora.<\/em><\/p>\n<p><em>Realizamos env\u00edos a:<\/em><\/p>\n<ul>\n<li><em>Lima<\/em><\/li>\n<li><em>Provincias<\/em><\/li>\n<\/ul>\n<p><em style=\"font-size: 16px;\"><strong>Pregunta por nuestras ofertas y descuentos especiales, nuestros asesores de venta est\u00e1n listos para atenderte.<\/strong><\/em><\/p>\n","protected":false},"excerpt":{"rendered":"<p><strong><em>&gt;TONER HP 126A CE313A MAGENTA<\/em><\/strong><\/p>\n<ul>\n<li>\n<div class=\"prod_item_info_cara_labe\"><strong><em>MARCA: HP<\/em><\/strong><\/div>\n<\/li>\n<li>\n<div class=\"prod_item_info_cara_labe\"><strong><em>SKU: CE313A<\/em><\/strong><\/div>\n<\/li>\n<li>\n<div class=\"prod_item_info_cara_labe\"><strong><em>COLOR: MAGENTA<\/em><\/strong><\/div>\n<\/li>\n<li>\n<div class=\"prod_item_info_cara_labe\"><strong><em>RENDIMIENTO: 1000 PAGINAS<\/em><\/strong><\/div>\n<\/li>\n<li>\n<div class=\"prod_item_info_cara_labe\"><strong><em>USAR EN IMPRESORA: LASERJET PRO CP1025\/M175NW<\/em><\/strong><\/div>\n<\/li>\n<\/ul>\n","protected":false},"featured_media":2476,"comment_status":"open","ping_status":"closed","template":"","meta":{"site-sidebar-layout":"default","site-content-layout":"","ast-site-content-layout":"default","site-content-style":"default","site-sidebar-style":"default","ast-global-header-display":"","ast-banner-title-visibility":"","ast-main-header-display":"","ast-hfb-above-header-display":"","ast-hfb-below-header-display":"","ast-hfb-mobile-header-display":"","site-post-title":"","ast-breadcrumbs-content":"","ast-featured-img":"","footer-sml-layout":"","ast-disable-related-posts":"","theme-transparent-header-meta":"default","adv-header-id-meta":"","stick-header-meta":"","header-above-stick-meta":"","header-main-stick-meta":"","header-below-stick-meta":"","astra-migrate-meta-layouts":"set","ast-page-background-enabled":"default","ast-page-background-meta":{"desktop":{"background-color":"var(--ast-global-color-4)","background-image":"","background-repeat":"repeat","background-position":"center center","background-size":"auto","background-attachment":"scroll","background-type":"","background-media":"","overlay-type":"","overlay-color":"","overlay-opacity":"","overlay-gradient":""},"tablet":{"background-color":"","background-image":"","background-repeat":"repeat","background-position":"center center","background-size":"auto","background-attachment":"scroll","background-type":"","background-media":"","overlay-type":"","overlay-color":"","overlay-opacity":"","overlay-gradient":""},"mobile":{"background-color":"","background-image":"","background-repeat":"repeat","background-position":"center center","background-size":"auto","background-attachment":"scroll","background-type":"","background-media":"","overlay-type":"","overlay-color":"","overlay-opacity":"","overlay-gradient":""}},"ast-content-background-meta":{"desktop":{"background-color":"var(--ast-global-color-5)","background-image":"","background-repeat":"repeat","background-position":"center center","background-size":"auto","background-attachment":"scroll","background-type":"","background-media":"","overlay-type":"","overlay-color":"","overlay-opacity":"","overlay-gradient":""},"tablet":{"background-color":"var(--ast-global-color-5)","background-image":"","background-repeat":"repeat","background-position":"center center","background-size":"auto","background-attachment":"scroll","background-type":"","background-media":"","overlay-type":"","overlay-color":"","overlay-opacity":"","overlay-gradient":""},"mobile":{"background-color":"var(--ast-global-color-5)","background-image":"","background-repeat":"repeat","background-position":"center center","background-size":"auto","background-attachment":"scroll","background-type":"","background-media":"","overlay-type":"","overlay-color":"","overlay-opacity":"","overlay-gradient":""}},"_joinchat":[]},"product_brand":[],"product_cat":[77,20,26],"product_tag":[932,933,945,934,935,936,78,930,944,937],"class_list":{"0":"post-2548","1":"product","2":"type-product","3":"status-publish","4":"has-post-thumbnail","6":"product_cat-hp","7":"product_cat-suministro","8":"product_cat-toner","9":"product_tag-100-color-mfp-m175a","10":"product_tag-100-color-mfp-m175nw","11":"product_tag-ce313a","12":"product_tag-cp1020","13":"product_tag-cp1025","14":"product_tag-cp1025nw","15":"product_tag-toner-hp","16":"product_tag-toner-hp-126a","17":"product_tag-toner-hp-126a-magenta","18":"product_tag-topshot-m275","19":"desktop-align-left","20":"tablet-align-left","21":"mobile-align-left","23":"first","24":"instock","25":"featured","26":"taxable","27":"shipping-taxable","28":"purchasable","29":"product-type-simple"},"jetpack_sharing_enabled":true,"_links":{"self":[{"href":"https:\/\/mermach.pe\/index.php\/wp-json\/wp\/v2\/product\/2548","targetHints":{"allow":["GET"]}}],"collection":[{"href":"https:\/\/mermach.pe\/index.php\/wp-json\/wp\/v2\/product"}],"about":[{"href":"https:\/\/mermach.pe\/index.php\/wp-json\/wp\/v2\/types\/product"}],"replies":[{"embeddable":true,"href":"https:\/\/mermach.pe\/index.php\/wp-json\/wp\/v2\/comments?post=2548"}],"wp:featuredmedia":[{"embeddable":true,"href":"https:\/\/mermach.pe\/index.php\/wp-json\/wp\/v2\/media\/2476"}],"wp:attachment":[{"href":"https:\/\/mermach.pe\/index.php\/wp-json\/wp\/v2\/media?parent=2548"}],"wp:term":[{"taxonomy":"product_brand","embeddable":true,"href":"https:\/\/mermach.pe\/index.php\/wp-json\/wp\/v2\/product_brand?post=2548"},{"taxonomy":"product_cat","embeddable":true,"href":"https:\/\/mermach.pe\/index.php\/wp-json\/wp\/v2\/product_cat?post=2548"},{"taxonomy":"product_tag","embeddable":true,"href":"https:\/\/mermach.pe\/index.php\/wp-json\/wp\/v2\/product_tag?post=2548"}],"curies":[{"name":"wp","href":"https:\/\/api.w.org\/{rel}","templated":true}]}}