{"id":2859,"date":"2024-04-23T11:08:27","date_gmt":"2024-04-23T16:08:27","guid":{"rendered":"https:\/\/mermach.pe\/?post_type=product&#038;p=2859"},"modified":"2024-04-23T17:20:55","modified_gmt":"2024-04-23T22:20:55","slug":"toner-hp-212x-w2120x-negro-laser-jet-enterprise-m578-m555-13000pag","status":"publish","type":"product","link":"https:\/\/mermach.pe\/index.php\/producto\/toner-hp-212x-w2120x-negro-laser-jet-enterprise-m578-m555-13000pag\/","title":{"rendered":"TONER HP 212X W2120X NEGRO LASER JET ENTERPRISE M578 \/ M555 13,000PAG"},"content":{"rendered":"<p><em><strong>T\u00f3ner HP 212X W2120X Negro rendimiento aprox 13,000 paginas<\/strong><\/em><\/p>\n<p><em>Los cartuchos de\u00a0<strong>t\u00f3ner HP 212X Negro<\/strong> de c\u00f3digo <strong>W2120X <\/strong>cuentan con altos est\u00e1ndares de calidad de impresi\u00f3n y al mejor precio del mercado, recuerda que un cartucho que se encuentra en venta de t\u00f3ner HP original cuentan con un chip original fabricada especialmente para contabilizar la cantidad de impresi\u00f3n de alta calidad que usted realice en su impresora.<\/em><\/p>\n<p><em>El uso de\u00a0<strong>Consumibles Originales<\/strong>\u00a0Garantiza la mejor calidad de Impresi\u00f3n y Prolonga la vida \u00fatil de tu impresora.<\/em><\/p>\n<p><em>Realizamos env\u00edos a:<\/em><\/p>\n<ul>\n<li><em>Lima<\/em><\/li>\n<li><em>Provincias<\/em><\/li>\n<\/ul>\n<p><em style=\"font-size: 16px;\"><strong>Pregunta por nuestras ofertas y descuentos especiales, nuestros asesores de venta est\u00e1n listos para atenderte.<\/strong><\/em><\/p>\n","protected":false},"excerpt":{"rendered":"<p><strong><em>&gt;TONER HP 212X W2120X NEGRO<\/em><\/strong><\/p>\n<ul>\n<li>\n<div class=\"prod_item_info_cara_labe\"><strong><em>MARCA: HP<\/em><\/strong><\/div>\n<\/li>\n<li>\n<div class=\"prod_item_info_cara_labe\"><strong><em>SKU: W2120X<\/em><\/strong><\/div>\n<\/li>\n<li>\n<div class=\"prod_item_info_cara_labe\"><strong><em>COLOR: NEGRO<\/em><\/strong><\/div>\n<\/li>\n<li>\n<div class=\"prod_item_info_cara_labe\"><strong><em>RENDIMIENTO: 13,000 PAGINAS<\/em><\/strong><\/div>\n<\/li>\n<li>\n<div class=\"prod_item_info_cara_labe\"><strong><em>USAR EN IMPRESORA: LASER JET ENTERPRISE M578 \/ M555<\/em><\/strong><\/div>\n<\/li>\n<\/ul>\n","protected":false},"featured_media":2785,"comment_status":"open","ping_status":"closed","template":"","meta":{"site-sidebar-layout":"default","site-content-layout":"","ast-site-content-layout":"default","site-content-style":"default","site-sidebar-style":"default","ast-global-header-display":"","ast-banner-title-visibility":"","ast-main-header-display":"","ast-hfb-above-header-display":"","ast-hfb-below-header-display":"","ast-hfb-mobile-header-display":"","site-post-title":"","ast-breadcrumbs-content":"","ast-featured-img":"","footer-sml-layout":"","ast-disable-related-posts":"","theme-transparent-header-meta":"default","adv-header-id-meta":"","stick-header-meta":"","header-above-stick-meta":"","header-main-stick-meta":"","header-below-stick-meta":"","astra-migrate-meta-layouts":"set","ast-page-background-enabled":"default","ast-page-background-meta":{"desktop":{"background-color":"var(--ast-global-color-4)","background-image":"","background-repeat":"repeat","background-position":"center center","background-size":"auto","background-attachment":"scroll","background-type":"","background-media":"","overlay-type":"","overlay-color":"","overlay-opacity":"","overlay-gradient":""},"tablet":{"background-color":"","background-image":"","background-repeat":"repeat","background-position":"center center","background-size":"auto","background-attachment":"scroll","background-type":"","background-media":"","overlay-type":"","overlay-color":"","overlay-opacity":"","overlay-gradient":""},"mobile":{"background-color":"","background-image":"","background-repeat":"repeat","background-position":"center center","background-size":"auto","background-attachment":"scroll","background-type":"","background-media":"","overlay-type":"","overlay-color":"","overlay-opacity":"","overlay-gradient":""}},"ast-content-background-meta":{"desktop":{"background-color":"var(--ast-global-color-5)","background-image":"","background-repeat":"repeat","background-position":"center center","background-size":"auto","background-attachment":"scroll","background-type":"","background-media":"","overlay-type":"","overlay-color":"","overlay-opacity":"","overlay-gradient":""},"tablet":{"background-color":"var(--ast-global-color-5)","background-image":"","background-repeat":"repeat","background-position":"center center","background-size":"auto","background-attachment":"scroll","background-type":"","background-media":"","overlay-type":"","overlay-color":"","overlay-opacity":"","overlay-gradient":""},"mobile":{"background-color":"var(--ast-global-color-5)","background-image":"","background-repeat":"repeat","background-position":"center center","background-size":"auto","background-attachment":"scroll","background-type":"","background-media":"","overlay-type":"","overlay-color":"","overlay-opacity":"","overlay-gradient":""}},"_joinchat":[]},"product_brand":[],"product_cat":[77,20,26],"product_tag":[1138,1139,1140,1141,1142,1143,1144,78,1153,1156,1154,1155],"class_list":{"0":"post-2859","1":"product","2":"type-product","3":"status-publish","4":"has-post-thumbnail","6":"product_cat-hp","7":"product_cat-suministro","8":"product_cat-toner","9":"product_tag-hp-color-laserjet-enterprise-flow-mfp-m578c","10":"product_tag-hp-color-laserjet-enterprise-flow-mfp-m578z","11":"product_tag-hp-color-laserjet-enterprise-m554dn-printer","12":"product_tag-hp-color-laserjet-enterprise-m555dn","13":"product_tag-hp-color-laserjet-enterprise-m555x","14":"product_tag-hp-color-laserjet-enterprise-mfp-m578dn","15":"product_tag-hp-color-laserjet-enterprise-mfp-m578f","16":"product_tag-toner-hp","17":"product_tag-toner-hp-212x","18":"product_tag-toner-hp-212x-black","19":"product_tag-toner-hp-212x-negro","20":"product_tag-w2120x","21":"desktop-align-left","22":"tablet-align-left","23":"mobile-align-left","25":"first","26":"instock","27":"featured","28":"taxable","29":"shipping-taxable","30":"purchasable","31":"product-type-simple"},"jetpack_sharing_enabled":true,"_links":{"self":[{"href":"https:\/\/mermach.pe\/index.php\/wp-json\/wp\/v2\/product\/2859","targetHints":{"allow":["GET"]}}],"collection":[{"href":"https:\/\/mermach.pe\/index.php\/wp-json\/wp\/v2\/product"}],"about":[{"href":"https:\/\/mermach.pe\/index.php\/wp-json\/wp\/v2\/types\/product"}],"replies":[{"embeddable":true,"href":"https:\/\/mermach.pe\/index.php\/wp-json\/wp\/v2\/comments?post=2859"}],"wp:featuredmedia":[{"embeddable":true,"href":"https:\/\/mermach.pe\/index.php\/wp-json\/wp\/v2\/media\/2785"}],"wp:attachment":[{"href":"https:\/\/mermach.pe\/index.php\/wp-json\/wp\/v2\/media?parent=2859"}],"wp:term":[{"taxonomy":"product_brand","embeddable":true,"href":"https:\/\/mermach.pe\/index.php\/wp-json\/wp\/v2\/product_brand?post=2859"},{"taxonomy":"product_cat","embeddable":true,"href":"https:\/\/mermach.pe\/index.php\/wp-json\/wp\/v2\/product_cat?post=2859"},{"taxonomy":"product_tag","embeddable":true,"href":"https:\/\/mermach.pe\/index.php\/wp-json\/wp\/v2\/product_tag?post=2859"}],"curies":[{"name":"wp","href":"https:\/\/api.w.org\/{rel}","templated":true}]}}