{"id":2982,"date":"2024-05-11T18:35:19","date_gmt":"2024-05-11T23:35:19","guid":{"rendered":"https:\/\/mermach.pe\/?post_type=product&#038;p=2982"},"modified":"2024-05-13T22:46:25","modified_gmt":"2024-05-14T03:46:25","slug":"toner-hp-827a-cf300a-negro-laserjet-m880-29-5k","status":"publish","type":"product","link":"https:\/\/mermach.pe\/index.php\/producto\/toner-hp-827a-cf300a-negro-laserjet-m880-29-5k\/","title":{"rendered":"TONER HP 827A CF300A NEGRO LASERJET M880 29.5K"},"content":{"rendered":"<p><em><strong>T\u00f3ner HP 827A CF300A Negro rendimiento aprox 29,500 paginas<\/strong><\/em><\/p>\n<p><em>Los cartuchos de\u00a0<strong>t\u00f3ner HP 827A Negro<\/strong> de c\u00f3digo <strong>CF300A<\/strong><strong>\u00a0<\/strong>cuentan con altos est\u00e1ndares de calidad de impresi\u00f3n y al mejor precio del mercado, recuerda que un cartucho que se encuentra en venta de t\u00f3ner HP original cuentan con un chip original fabricada especialmente para contabilizar la cantidad de impresi\u00f3n de alta calidad que usted realice en su impresora.<\/em><\/p>\n<p><em>El uso de\u00a0<strong>Consumibles Originales<\/strong>\u00a0Garantiza la mejor calidad de Impresi\u00f3n y Prolonga la vida \u00fatil de tu impresora.<\/em><\/p>\n<p><em>Realizamos env\u00edos a:<\/em><\/p>\n<ul>\n<li><em>Lima<\/em><\/li>\n<li><em>Provincias<\/em><\/li>\n<\/ul>\n<p><em style=\"font-size: 16px;\"><strong>Pregunta por nuestras ofertas y descuentos especiales, nuestros asesores de venta est\u00e1n listos para atenderte.<\/strong><\/em><\/p>\n","protected":false},"excerpt":{"rendered":"<p><strong><em>&gt;TONER HP 827A CF300A NEGRO<\/em><\/strong><\/p>\n<ul>\n<li>\n<div class=\"prod_item_info_cara_labe\"><strong><em>MARCA: HP<\/em><\/strong><\/div>\n<\/li>\n<li>\n<div class=\"prod_item_info_cara_labe\"><strong><em>SKU: CF300A<\/em><\/strong><\/div>\n<\/li>\n<li>\n<div class=\"prod_item_info_cara_labe\"><strong><em>COLOR: NEGRO<\/em><\/strong><\/div>\n<\/li>\n<li>\n<div class=\"prod_item_info_cara_labe\"><strong><em>RENDIMIENTO: 29,500 PAGINAS<\/em><\/strong><\/div>\n<\/li>\n<li>\n<div class=\"prod_item_info_cara_labe\"><strong><strong><strong><em>USAR EN IMPRESORA: <\/em><\/strong><\/strong><em><span style=\"font-size: 16px;\">HP COLOR LASERJET\u00a0 M880Z \u00a0\/ \u00a0M880Z+ \u00a0\/ \u00a0M880Z+ NFC<\/span><\/em><\/strong><\/div>\n<\/li>\n<\/ul>\n","protected":false},"featured_media":2944,"comment_status":"open","ping_status":"closed","template":"","meta":{"site-sidebar-layout":"default","site-content-layout":"","ast-site-content-layout":"default","site-content-style":"default","site-sidebar-style":"default","ast-global-header-display":"","ast-banner-title-visibility":"","ast-main-header-display":"","ast-hfb-above-header-display":"","ast-hfb-below-header-display":"","ast-hfb-mobile-header-display":"","site-post-title":"","ast-breadcrumbs-content":"","ast-featured-img":"","footer-sml-layout":"","ast-disable-related-posts":"","theme-transparent-header-meta":"default","adv-header-id-meta":"","stick-header-meta":"","header-above-stick-meta":"","header-main-stick-meta":"","header-below-stick-meta":"","astra-migrate-meta-layouts":"set","ast-page-background-enabled":"default","ast-page-background-meta":{"desktop":{"background-color":"var(--ast-global-color-4)","background-image":"","background-repeat":"repeat","background-position":"center center","background-size":"auto","background-attachment":"scroll","background-type":"","background-media":"","overlay-type":"","overlay-color":"","overlay-opacity":"","overlay-gradient":""},"tablet":{"background-color":"","background-image":"","background-repeat":"repeat","background-position":"center center","background-size":"auto","background-attachment":"scroll","background-type":"","background-media":"","overlay-type":"","overlay-color":"","overlay-opacity":"","overlay-gradient":""},"mobile":{"background-color":"","background-image":"","background-repeat":"repeat","background-position":"center center","background-size":"auto","background-attachment":"scroll","background-type":"","background-media":"","overlay-type":"","overlay-color":"","overlay-opacity":"","overlay-gradient":""}},"ast-content-background-meta":{"desktop":{"background-color":"var(--ast-global-color-5)","background-image":"","background-repeat":"repeat","background-position":"center center","background-size":"auto","background-attachment":"scroll","background-type":"","background-media":"","overlay-type":"","overlay-color":"","overlay-opacity":"","overlay-gradient":""},"tablet":{"background-color":"var(--ast-global-color-5)","background-image":"","background-repeat":"repeat","background-position":"center center","background-size":"auto","background-attachment":"scroll","background-type":"","background-media":"","overlay-type":"","overlay-color":"","overlay-opacity":"","overlay-gradient":""},"mobile":{"background-color":"var(--ast-global-color-5)","background-image":"","background-repeat":"repeat","background-position":"center center","background-size":"auto","background-attachment":"scroll","background-type":"","background-media":"","overlay-type":"","overlay-color":"","overlay-opacity":"","overlay-gradient":""}},"_joinchat":[]},"product_brand":[],"product_cat":[77,20,26],"product_tag":[1297,1299,1300,78,1295,1298,1296],"class_list":{"0":"post-2982","1":"product","2":"type-product","3":"status-publish","4":"has-post-thumbnail","6":"product_cat-hp","7":"product_cat-suministro","8":"product_cat-toner","9":"product_tag-cf300a","10":"product_tag-m880z","11":"product_tag-m880z-nfc","12":"product_tag-toner-hp","13":"product_tag-toner-hp-827a","14":"product_tag-toner-hp-827a-black","15":"product_tag-toner-hp-827a-negro","16":"desktop-align-left","17":"tablet-align-left","18":"mobile-align-left","20":"first","21":"instock","22":"featured","23":"taxable","24":"shipping-taxable","25":"purchasable","26":"product-type-simple"},"jetpack_sharing_enabled":true,"_links":{"self":[{"href":"https:\/\/mermach.pe\/index.php\/wp-json\/wp\/v2\/product\/2982","targetHints":{"allow":["GET"]}}],"collection":[{"href":"https:\/\/mermach.pe\/index.php\/wp-json\/wp\/v2\/product"}],"about":[{"href":"https:\/\/mermach.pe\/index.php\/wp-json\/wp\/v2\/types\/product"}],"replies":[{"embeddable":true,"href":"https:\/\/mermach.pe\/index.php\/wp-json\/wp\/v2\/comments?post=2982"}],"wp:featuredmedia":[{"embeddable":true,"href":"https:\/\/mermach.pe\/index.php\/wp-json\/wp\/v2\/media\/2944"}],"wp:attachment":[{"href":"https:\/\/mermach.pe\/index.php\/wp-json\/wp\/v2\/media?parent=2982"}],"wp:term":[{"taxonomy":"product_brand","embeddable":true,"href":"https:\/\/mermach.pe\/index.php\/wp-json\/wp\/v2\/product_brand?post=2982"},{"taxonomy":"product_cat","embeddable":true,"href":"https:\/\/mermach.pe\/index.php\/wp-json\/wp\/v2\/product_cat?post=2982"},{"taxonomy":"product_tag","embeddable":true,"href":"https:\/\/mermach.pe\/index.php\/wp-json\/wp\/v2\/product_tag?post=2982"}],"curies":[{"name":"wp","href":"https:\/\/api.w.org\/{rel}","templated":true}]}}