{"id":3468,"date":"2024-08-19T20:25:29","date_gmt":"2024-08-20T01:25:29","guid":{"rendered":"https:\/\/mermach.pe\/?post_type=product&#038;p=3468"},"modified":"2024-08-19T20:58:27","modified_gmt":"2024-08-20T01:58:27","slug":"toner-hp-658x-w2000x-negro-hp-color-laserjet-m751dn-33k","status":"publish","type":"product","link":"https:\/\/mermach.pe\/index.php\/producto\/toner-hp-658x-w2000x-negro-hp-color-laserjet-m751dn-33k\/","title":{"rendered":"TONER HP 658X W2000X NEGRO HP COLOR LASERJET M751DN 33K"},"content":{"rendered":"<p><em><strong>T\u00f3ner HP 658X W2000X Negro rendimiento aprox. 33,000 paginas<\/strong><\/em><\/p>\n<p><em>Los cartuchos de\u00a0<strong>t\u00f3ner HP 658X Negro<\/strong> de c\u00f3digo <strong>W2000X<\/strong><strong>\u00a0<\/strong>cuentan con altos est\u00e1ndares de calidad de impresi\u00f3n y al mejor precio del mercado, recuerda que un cartucho que se encuentra en venta de t\u00f3ner HP original cuentan con un chip original fabricada especialmente para contabilizar la cantidad de impresi\u00f3n de alta calidad que usted realice en su impresora.<\/em><\/p>\n<p><em>El uso de\u00a0<strong>Consumibles Originales<\/strong>\u00a0Garantiza la mejor calidad de Impresi\u00f3n y Prolonga la vida \u00fatil de tu impresora.<\/em><\/p>\n<p><em>Realizamos env\u00edos a:<\/em><\/p>\n<ul>\n<li><em>Lima<\/em><\/li>\n<li><em>Provincias<\/em><\/li>\n<\/ul>\n<p><em style=\"font-size: 16px;\"><strong>Pregunta por nuestras ofertas y descuentos especiales, nuestros asesores de venta est\u00e1n listos para atenderte.<\/strong><\/em><\/p>\n","protected":false},"excerpt":{"rendered":"<p><strong><em>&gt;TONER HP 658X W2000X NEGRO<\/em><\/strong><\/p>\n<ul>\n<li>\n<div class=\"prod_item_info_cara_labe\"><strong><em>MARCA: HP<\/em><\/strong><\/div>\n<\/li>\n<li>\n<div class=\"prod_item_info_cara_labe\"><strong><em>SKU: W2000X<\/em><\/strong><\/div>\n<\/li>\n<li>\n<div class=\"prod_item_info_cara_labe\"><strong><em>COLOR: NEGRO<\/em><\/strong><\/div>\n<\/li>\n<li>\n<div class=\"prod_item_info_cara_labe\"><strong><em>RENDIMIENTO: 33,000 PAGINAS<\/em><\/strong><\/div>\n<\/li>\n<li>\n<div class=\"prod_item_info_cara_labe\"><strong><strong><strong><strong><em>USAR EN IMPRESORA: <\/em><\/strong><\/strong><\/strong><\/strong><em style=\"font-size: 16px;\"><strong>HP COLOR LASERJET M751DN\u00a0<\/strong><\/em><\/div>\n<\/li>\n<\/ul>\n","protected":false},"featured_media":3339,"comment_status":"open","ping_status":"closed","template":"","meta":{"site-sidebar-layout":"default","site-content-layout":"","ast-site-content-layout":"default","site-content-style":"default","site-sidebar-style":"default","ast-global-header-display":"","ast-banner-title-visibility":"","ast-main-header-display":"","ast-hfb-above-header-display":"","ast-hfb-below-header-display":"","ast-hfb-mobile-header-display":"","site-post-title":"","ast-breadcrumbs-content":"","ast-featured-img":"","footer-sml-layout":"","ast-disable-related-posts":"","theme-transparent-header-meta":"default","adv-header-id-meta":"","stick-header-meta":"","header-above-stick-meta":"","header-main-stick-meta":"","header-below-stick-meta":"","astra-migrate-meta-layouts":"set","ast-page-background-enabled":"default","ast-page-background-meta":{"desktop":{"background-color":"var(--ast-global-color-4)","background-image":"","background-repeat":"repeat","background-position":"center center","background-size":"auto","background-attachment":"scroll","background-type":"","background-media":"","overlay-type":"","overlay-color":"","overlay-opacity":"","overlay-gradient":""},"tablet":{"background-color":"","background-image":"","background-repeat":"repeat","background-position":"center center","background-size":"auto","background-attachment":"scroll","background-type":"","background-media":"","overlay-type":"","overlay-color":"","overlay-opacity":"","overlay-gradient":""},"mobile":{"background-color":"","background-image":"","background-repeat":"repeat","background-position":"center center","background-size":"auto","background-attachment":"scroll","background-type":"","background-media":"","overlay-type":"","overlay-color":"","overlay-opacity":"","overlay-gradient":""}},"ast-content-background-meta":{"desktop":{"background-color":"var(--ast-global-color-5)","background-image":"","background-repeat":"repeat","background-position":"center center","background-size":"auto","background-attachment":"scroll","background-type":"","background-media":"","overlay-type":"","overlay-color":"","overlay-opacity":"","overlay-gradient":""},"tablet":{"background-color":"var(--ast-global-color-5)","background-image":"","background-repeat":"repeat","background-position":"center center","background-size":"auto","background-attachment":"scroll","background-type":"","background-media":"","overlay-type":"","overlay-color":"","overlay-opacity":"","overlay-gradient":""},"mobile":{"background-color":"var(--ast-global-color-5)","background-image":"","background-repeat":"repeat","background-position":"center center","background-size":"auto","background-attachment":"scroll","background-type":"","background-media":"","overlay-type":"","overlay-color":"","overlay-opacity":"","overlay-gradient":""}},"_joinchat":[]},"product_brand":[],"product_cat":[77,20,26],"product_tag":[1744,78,1764,1767,1765,1766],"class_list":{"0":"post-3468","1":"product","2":"type-product","3":"status-publish","4":"has-post-thumbnail","6":"product_cat-hp","7":"product_cat-suministro","8":"product_cat-toner","9":"product_tag-hp-color-laserjet-m751dn","10":"product_tag-toner-hp","11":"product_tag-toner-hp-658x","12":"product_tag-toner-hp-658x-black","13":"product_tag-toner-hp-658x-negro","14":"product_tag-w2000x","15":"desktop-align-left","16":"tablet-align-left","17":"mobile-align-left","19":"first","20":"instock","21":"featured","22":"taxable","23":"shipping-taxable","24":"purchasable","25":"product-type-simple"},"jetpack_sharing_enabled":true,"_links":{"self":[{"href":"https:\/\/mermach.pe\/index.php\/wp-json\/wp\/v2\/product\/3468","targetHints":{"allow":["GET"]}}],"collection":[{"href":"https:\/\/mermach.pe\/index.php\/wp-json\/wp\/v2\/product"}],"about":[{"href":"https:\/\/mermach.pe\/index.php\/wp-json\/wp\/v2\/types\/product"}],"replies":[{"embeddable":true,"href":"https:\/\/mermach.pe\/index.php\/wp-json\/wp\/v2\/comments?post=3468"}],"wp:featuredmedia":[{"embeddable":true,"href":"https:\/\/mermach.pe\/index.php\/wp-json\/wp\/v2\/media\/3339"}],"wp:attachment":[{"href":"https:\/\/mermach.pe\/index.php\/wp-json\/wp\/v2\/media?parent=3468"}],"wp:term":[{"taxonomy":"product_brand","embeddable":true,"href":"https:\/\/mermach.pe\/index.php\/wp-json\/wp\/v2\/product_brand?post=3468"},{"taxonomy":"product_cat","embeddable":true,"href":"https:\/\/mermach.pe\/index.php\/wp-json\/wp\/v2\/product_cat?post=3468"},{"taxonomy":"product_tag","embeddable":true,"href":"https:\/\/mermach.pe\/index.php\/wp-json\/wp\/v2\/product_tag?post=3468"}],"curies":[{"name":"wp","href":"https:\/\/api.w.org\/{rel}","templated":true}]}}