{"id":414,"date":"2023-11-02T01:45:42","date_gmt":"2023-11-02T00:45:42","guid":{"rendered":"https:\/\/mermach.pe\/?post_type=product&#038;p=414"},"modified":"2025-09-01T00:49:32","modified_gmt":"2025-09-01T05:49:32","slug":"tn-3479","status":"publish","type":"product","link":"https:\/\/mermach.pe\/index.php\/producto\/tn-3479\/","title":{"rendered":"TONER BROTHER TN-3479 HL-L5100DN 12K PAG."},"content":{"rendered":"<div class=\"sr-free\" data-cooltipz-dir=\"bottom-left\" aria-label=\"Click sentence to rephrase\"><strong><em>Toner negra Brother TN-3479<\/em><\/strong><\/div>\n<div data-cooltipz-dir=\"bottom-left\" aria-label=\"Click sentence to rephrase\"><\/div>\n<div class=\"sr-free\" data-cooltipz-dir=\"bottom-left\" aria-label=\"Click sentence to rephrase\"><em>Los cartuchos de t\u00f3ner Brother\u00a0 TN-3479 tienen un chip inteligente dentro del cartucho de t\u00f3ner TN-3479 que cuenta el n\u00famero de impresiones en negro producidas de la misma manera que el c\u00f3digo de t\u00f3ner est\u00e1 grabado en el cartucho de t\u00f3ner. \u00a0en alto relieve. Lo que significa que es un producto Brother. Este cartucho de t\u00f3ner TN-3479 est\u00e1 dise\u00f1ado para su uso en los siguientes modelos de impresora Brother HL-L5100DN \/ DCPL5650DN \/ MFCL5900DW \/ MFCL6700DW. con un rendimiento de 12,000 paginas, proporcionando una impresi\u00f3n de alta calidad a un precio muy econ\u00f3mico.<\/em><\/div>\n<div class=\"sr-free\" data-cooltipz-dir=\"bottom-left\" aria-label=\"Click sentence to rephrase\"><em>El\u00a0uso de\u00a0consumibles originales garantiza\u00a0la mejor calidad de\u00a0impresi\u00f3n\u00a0y\u00a0prolonga\u00a0la vida \u00fatil de\u00a0la impresora.<\/em><\/div>\n<div data-cooltipz-dir=\"bottom-left\" aria-label=\"Click sentence to rephrase\"><\/div>\n<div class=\"sr-free\" data-cooltipz-dir=\"bottom-left\" aria-label=\"Click sentence to rephrase\"><strong><em>Realizamos env\u00edos a todo el Per\u00fa.<\/em><\/strong><\/div>\n<div data-cooltipz-dir=\"bottom-left\" aria-label=\"Click sentence to rephrase\"><\/div>\n<div class=\"sr-free\" data-cooltipz-dir=\"bottom-left\" aria-label=\"Click sentence to rephrase\"><em>Pregunta por nuestras ofertas especiales y descuentos, nuestros asesores de ventas est\u00e1n listos para ayudarte.<\/em><\/div>\n","protected":false},"excerpt":{"rendered":"<p><em><strong>&gt; TN-3479 T\u00f3ner Brother Original<\/strong><\/em><br \/>\n<em><strong>&gt; T\u00f3ner para HL-L5100DN. Rendimiento 12,000 paginas<\/strong><\/em><\/p>\n","protected":false},"featured_media":415,"comment_status":"open","ping_status":"closed","template":"","meta":{"site-sidebar-layout":"default","site-content-layout":"","ast-site-content-layout":"default","site-content-style":"default","site-sidebar-style":"default","ast-global-header-display":"","ast-banner-title-visibility":"","ast-main-header-display":"","ast-hfb-above-header-display":"","ast-hfb-below-header-display":"","ast-hfb-mobile-header-display":"","site-post-title":"","ast-breadcrumbs-content":"","ast-featured-img":"","footer-sml-layout":"","ast-disable-related-posts":"","theme-transparent-header-meta":"default","adv-header-id-meta":"","stick-header-meta":"","header-above-stick-meta":"","header-main-stick-meta":"","header-below-stick-meta":"","astra-migrate-meta-layouts":"set","ast-page-background-enabled":"default","ast-page-background-meta":{"desktop":{"background-color":"var(--ast-global-color-4)","background-image":"","background-repeat":"repeat","background-position":"center center","background-size":"auto","background-attachment":"scroll","background-type":"","background-media":"","overlay-type":"","overlay-color":"","overlay-opacity":"","overlay-gradient":""},"tablet":{"background-color":"","background-image":"","background-repeat":"repeat","background-position":"center center","background-size":"auto","background-attachment":"scroll","background-type":"","background-media":"","overlay-type":"","overlay-color":"","overlay-opacity":"","overlay-gradient":""},"mobile":{"background-color":"","background-image":"","background-repeat":"repeat","background-position":"center center","background-size":"auto","background-attachment":"scroll","background-type":"","background-media":"","overlay-type":"","overlay-color":"","overlay-opacity":"","overlay-gradient":""}},"ast-content-background-meta":{"desktop":{"background-color":"var(--ast-global-color-5)","background-image":"","background-repeat":"repeat","background-position":"center center","background-size":"auto","background-attachment":"scroll","background-type":"","background-media":"","overlay-type":"","overlay-color":"","overlay-opacity":"","overlay-gradient":""},"tablet":{"background-color":"var(--ast-global-color-5)","background-image":"","background-repeat":"repeat","background-position":"center center","background-size":"auto","background-attachment":"scroll","background-type":"","background-media":"","overlay-type":"","overlay-color":"","overlay-opacity":"","overlay-gradient":""},"mobile":{"background-color":"var(--ast-global-color-5)","background-image":"","background-repeat":"repeat","background-position":"center center","background-size":"auto","background-attachment":"scroll","background-type":"","background-media":"","overlay-type":"","overlay-color":"","overlay-opacity":"","overlay-gradient":""}},"_joinchat":[]},"product_brand":[],"product_cat":[47,20,26],"product_tag":[53,55,56,54,57,42,52],"class_list":{"0":"post-414","1":"product","2":"type-product","3":"status-publish","4":"has-post-thumbnail","6":"product_cat-brother","7":"product_cat-suministro","8":"product_cat-toner","9":"product_tag-brother-tn-3479","10":"product_tag-dcpl5650dn","11":"product_tag-fcl5900dw","12":"product_tag-hl-l5100dn","13":"product_tag-mfcl6700dw","14":"product_tag-toner-brother","15":"product_tag-toner-tn-3479","16":"desktop-align-left","17":"tablet-align-left","18":"mobile-align-left","20":"first","21":"instock","22":"featured","23":"taxable","24":"shipping-taxable","25":"purchasable","26":"product-type-simple"},"jetpack_sharing_enabled":true,"_links":{"self":[{"href":"https:\/\/mermach.pe\/index.php\/wp-json\/wp\/v2\/product\/414","targetHints":{"allow":["GET"]}}],"collection":[{"href":"https:\/\/mermach.pe\/index.php\/wp-json\/wp\/v2\/product"}],"about":[{"href":"https:\/\/mermach.pe\/index.php\/wp-json\/wp\/v2\/types\/product"}],"replies":[{"embeddable":true,"href":"https:\/\/mermach.pe\/index.php\/wp-json\/wp\/v2\/comments?post=414"}],"wp:featuredmedia":[{"embeddable":true,"href":"https:\/\/mermach.pe\/index.php\/wp-json\/wp\/v2\/media\/415"}],"wp:attachment":[{"href":"https:\/\/mermach.pe\/index.php\/wp-json\/wp\/v2\/media?parent=414"}],"wp:term":[{"taxonomy":"product_brand","embeddable":true,"href":"https:\/\/mermach.pe\/index.php\/wp-json\/wp\/v2\/product_brand?post=414"},{"taxonomy":"product_cat","embeddable":true,"href":"https:\/\/mermach.pe\/index.php\/wp-json\/wp\/v2\/product_cat?post=414"},{"taxonomy":"product_tag","embeddable":true,"href":"https:\/\/mermach.pe\/index.php\/wp-json\/wp\/v2\/product_tag?post=414"}],"curies":[{"name":"wp","href":"https:\/\/api.w.org\/{rel}","templated":true}]}}