{"id":429,"date":"2023-11-02T02:12:16","date_gmt":"2023-11-02T01:12:16","guid":{"rendered":"https:\/\/mermach.pe\/?post_type=product&#038;p=429"},"modified":"2025-09-01T00:49:32","modified_gmt":"2025-09-01T05:49:32","slug":"lc-3019bk","status":"publish","type":"product","link":"https:\/\/mermach.pe\/index.php\/producto\/lc-3019bk\/","title":{"rendered":"TINTA BROTHER LC-3019BK BLACK MFC-J5330DW 3,000 PAG."},"content":{"rendered":"<p><em><strong>Tinta Brother Brother LC-3019BK Negro Original con rendimiento de 3.000 p\u00e1ginas de impresi\u00f3n.<\/strong><\/em><\/p>\n<div class=\"sr-free\" data-cooltipz-dir=\"bottom-left\" aria-label=\"Click sentence to rephrase\">\n<div class=\"sr-free\" data-cooltipz-dir=\"bottom-left\" aria-label=\"Click sentence to rephrase\"><em>Los cartuchos de impresi\u00f3n de tinta Brother\u00a0\u00a0<strong>Brother LC-3019BK Black originales<\/strong> tienen un chip inteligente dentro del cartucho de tinta que cuenta el n\u00famero de impresiones en negro producidas de la misma manera que el c\u00f3digo de tinta cartucho de tinta LC-3019BK est\u00e1 dise\u00f1ado para su uso en los siguientes modelos de impresora Brother MFCJ5330DW \/ MFCJ6730DW. con un rendimiento de 1,500 paginas, proporcionando una impresi\u00f3n de alta calidad a un precio muy econ\u00f3mico.<\/em><\/div>\n<div class=\"sr-free\" data-cooltipz-dir=\"bottom-left\" aria-label=\"Click sentence to rephrase\"><em>El\u00a0uso de\u00a0consumibles originales garantiza\u00a0la mejor calidad de\u00a0impresi\u00f3n\u00a0y\u00a0prolonga\u00a0la vida \u00fatil de\u00a0la impresora.<\/em><\/div>\n<div data-cooltipz-dir=\"bottom-left\" aria-label=\"Click sentence to rephrase\"><\/div>\n<div class=\"sr-free\" data-cooltipz-dir=\"bottom-left\" aria-label=\"Click sentence to rephrase\"><em><strong>Realizamos env\u00edos a todo el Per\u00fa.<\/strong><\/em><\/div>\n<div data-cooltipz-dir=\"bottom-left\" aria-label=\"Click sentence to rephrase\"><\/div>\n<ul>\n<li><em>Im\u00e1genes referenciales<\/em><\/li>\n<li><em>Precios Y Stock Est\u00e1n Sujetos A Variaci\u00f3n Sin Previo Aviso.<\/em><br \/>\n<em>Productos son 100% originales certificada por la marca<\/em><\/li>\n<li><em>Tecnolog\u00eda en cada impresi\u00f3n<\/em><br \/>\n<em>Dudas? comun\u00edquese con nosotros<\/em><\/li>\n<li><em>Precios especiales por mayor<\/em><\/li>\n<\/ul>\n<\/div>\n","protected":false},"excerpt":{"rendered":"<p>Imprima documentos y materiales de oficina con apariencia profesional, cuando realice trabajos de impresi\u00f3n con Tintas\u00a0<strong>Brother LC3019BK Black <\/strong>originales. Mantenga su oficina y residencia productiva, evitando desperdicio de tiempo y consumibles. Estas Tintas son espec\u00edficamente dise\u00f1ados para su impresora.<\/p>\n<ul>\n<li aria-level=\"1\">Im\u00e1genes referenciales<\/li>\n<li aria-level=\"1\">Precios Y Stock Est\u00e1n Sujetos A Variaci\u00f3n Sin Previo Aviso.<\/li>\n<li aria-level=\"1\">Productos son 100% originales certificada por la marca<\/li>\n<li aria-level=\"1\">Tecnolog\u00eda en cada impresi\u00f3n<br \/>\n<b>Env\u00edos a nivel nacional<\/b><\/li>\n<li aria-level=\"1\">\u00bfDudas? comun\u00edquese con nosotros<\/li>\n<li aria-level=\"1\">Precios especiales por mayor<\/li>\n<\/ul>\n","protected":false},"featured_media":430,"comment_status":"open","ping_status":"closed","template":"","meta":{"site-sidebar-layout":"default","site-content-layout":"","ast-site-content-layout":"default","site-content-style":"default","site-sidebar-style":"default","ast-global-header-display":"","ast-banner-title-visibility":"","ast-main-header-display":"","ast-hfb-above-header-display":"","ast-hfb-below-header-display":"","ast-hfb-mobile-header-display":"","site-post-title":"","ast-breadcrumbs-content":"","ast-featured-img":"","footer-sml-layout":"","ast-disable-related-posts":"","theme-transparent-header-meta":"default","adv-header-id-meta":"","stick-header-meta":"","header-above-stick-meta":"","header-main-stick-meta":"","header-below-stick-meta":"","astra-migrate-meta-layouts":"set","ast-page-background-enabled":"default","ast-page-background-meta":{"desktop":{"background-color":"var(--ast-global-color-4)","background-image":"","background-repeat":"repeat","background-position":"center center","background-size":"auto","background-attachment":"scroll","background-type":"","background-media":"","overlay-type":"","overlay-color":"","overlay-opacity":"","overlay-gradient":""},"tablet":{"background-color":"","background-image":"","background-repeat":"repeat","background-position":"center center","background-size":"auto","background-attachment":"scroll","background-type":"","background-media":"","overlay-type":"","overlay-color":"","overlay-opacity":"","overlay-gradient":""},"mobile":{"background-color":"","background-image":"","background-repeat":"repeat","background-position":"center center","background-size":"auto","background-attachment":"scroll","background-type":"","background-media":"","overlay-type":"","overlay-color":"","overlay-opacity":"","overlay-gradient":""}},"ast-content-background-meta":{"desktop":{"background-color":"var(--ast-global-color-5)","background-image":"","background-repeat":"repeat","background-position":"center center","background-size":"auto","background-attachment":"scroll","background-type":"","background-media":"","overlay-type":"","overlay-color":"","overlay-opacity":"","overlay-gradient":""},"tablet":{"background-color":"var(--ast-global-color-5)","background-image":"","background-repeat":"repeat","background-position":"center center","background-size":"auto","background-attachment":"scroll","background-type":"","background-media":"","overlay-type":"","overlay-color":"","overlay-opacity":"","overlay-gradient":""},"mobile":{"background-color":"var(--ast-global-color-5)","background-image":"","background-repeat":"repeat","background-position":"center center","background-size":"auto","background-attachment":"scroll","background-type":"","background-media":"","overlay-type":"","overlay-color":"","overlay-opacity":"","overlay-gradient":""}},"_joinchat":[]},"product_brand":[],"product_cat":[62,20,27],"product_tag":[65,40,66,67,63,64],"class_list":{"0":"post-429","1":"product","2":"type-product","3":"status-publish","4":"has-post-thumbnail","6":"product_cat-brother-tintas","7":"product_cat-suministro","8":"product_cat-tintas","9":"product_tag-brother-lc-3019bk","10":"product_tag-lc-3019bk","11":"product_tag-mfcj5330dw","12":"product_tag-mfcj6730dw","13":"product_tag-tinta-brother","14":"product_tag-tinta-lc-3019bk","15":"desktop-align-left","16":"tablet-align-left","17":"mobile-align-left","19":"first","20":"instock","21":"featured","22":"taxable","23":"shipping-taxable","24":"purchasable","25":"product-type-simple"},"jetpack_sharing_enabled":true,"_links":{"self":[{"href":"https:\/\/mermach.pe\/index.php\/wp-json\/wp\/v2\/product\/429","targetHints":{"allow":["GET"]}}],"collection":[{"href":"https:\/\/mermach.pe\/index.php\/wp-json\/wp\/v2\/product"}],"about":[{"href":"https:\/\/mermach.pe\/index.php\/wp-json\/wp\/v2\/types\/product"}],"replies":[{"embeddable":true,"href":"https:\/\/mermach.pe\/index.php\/wp-json\/wp\/v2\/comments?post=429"}],"wp:featuredmedia":[{"embeddable":true,"href":"https:\/\/mermach.pe\/index.php\/wp-json\/wp\/v2\/media\/430"}],"wp:attachment":[{"href":"https:\/\/mermach.pe\/index.php\/wp-json\/wp\/v2\/media?parent=429"}],"wp:term":[{"taxonomy":"product_brand","embeddable":true,"href":"https:\/\/mermach.pe\/index.php\/wp-json\/wp\/v2\/product_brand?post=429"},{"taxonomy":"product_cat","embeddable":true,"href":"https:\/\/mermach.pe\/index.php\/wp-json\/wp\/v2\/product_cat?post=429"},{"taxonomy":"product_tag","embeddable":true,"href":"https:\/\/mermach.pe\/index.php\/wp-json\/wp\/v2\/product_tag?post=429"}],"curies":[{"name":"wp","href":"https:\/\/api.w.org\/{rel}","templated":true}]}}